{"id":100,"date":"2020-02-19T20:02:38","date_gmt":"2020-02-19T23:02:38","guid":{"rendered":"http:\/\/localhost\/pacerini\/wordpress\/?page_id=100"},"modified":"2022-02-01T11:01:52","modified_gmt":"2022-02-01T14:01:52","slug":"sobre-a-pacerini","status":"publish","type":"page","link":"https:\/\/pacerini.com\/es\/sobre-a-pacerini\/","title":{"rendered":"Acerca de Bruno Pacerini Moreno"},"content":{"rendered":"<p style=\"text-align: left;\"><span style=\"color: #000000;\"><b>\u00bfC\u00f3mo definir Pacerini Arquitetura?<\/b><\/span><\/p>\n<p>&nbsp;<\/p>\n<p style=\"text-align: left;\"><span style=\"font-weight: 400; color: #000000;\">Con 13 a\u00f1os de experiencia, Pacerini Arquitetura ya ha realizado varios proyectos de transporte residencial, comercial, corporativo, hotelero y urbano.<\/span><\/p>\n<p>&nbsp;<\/p>\n<p style=\"text-align: left;\"><span style=\"font-weight: 400; color: #000000;\">El proceso para la realizaci\u00f3n de estos proyectos siempre se ha basado en seguir la legislaci\u00f3n vigente y ofrecer total seguridad a la estructura construida. Una vez que estos dos factores se consolidaron adecuadamente, comenzamos el dise\u00f1o exterior e interior del edificio.<\/span><\/p>\n<p>&nbsp;<\/p>\n<p style=\"text-align: left;\"><span style=\"font-weight: 400; color: #000000;\">Escuchamos los deseos del cliente y ofrecemos lo m\u00e1s actual del mercado, en cuanto a estructura y revestimiento, siguiendo los m\u00e1s avanzados est\u00e1ndares t\u00e9cnicos y de calidad. Ofrecemos una arquitectura m\u00e1s humana, pr\u00e1ctica y eficiente, sin renunciar a la elegancia.<\/span><\/p>\n<p>&nbsp;<\/p>\n<p style=\"text-align: left;\"><span style=\"color: #000000;\"><b>\u00bfQui\u00e9n hace la oficina?<\/b><\/span><\/p>\n<p>&nbsp;<\/p>\n<p style=\"text-align: left;\"><span style=\"font-weight: 400; color: #000000;\">La oficina estuvo formada por Bruno Pacerini Moreno, Arquitecto, licenciado por Mackenzie, estudi\u00f3 Gesti\u00f3n de Proyectos y Sistemas Estructurales en POLI y Tecnolog\u00eda de Edificaci\u00f3n en la Universidad Polit\u00e9cnica Catalunya de Barcelona, \u200b\u200bIluminaci\u00f3n residencial y hotelera (Philips do Brasil) y otros cursos de software. centrado en la arquitectura.<\/span><\/p>\n<p>&nbsp;<\/p>\n<p style=\"text-align: left;\"><span style=\"font-weight: 400; color: #000000;\">Especializada en residencial, comercial y corporativo, lidera un equipo multidisciplinario de top\u00f3grafos, ingenieros civiles, ingenieros el\u00e9ctricos, ingenieros mec\u00e1nicos, dise\u00f1o y otros profesionales relacionados con la construcci\u00f3n civil, cuyo prop\u00f3sito es siempre extraer todo el potencial de cada obra.<\/span><\/p>\n","protected":false},"excerpt":{"rendered":"<p>\u00bfC\u00f3mo definir Pacerini Arquitetura? &nbsp; Con 13 a\u00f1os de experiencia, Pacerini Arquitetura ya ha realizado varios proyectos de transporte residencial, comercial, corporativo, hotelero y urbano. &nbsp; El proceso para la realizaci\u00f3n de estos proyectos siempre se ha basado en seguir la legislaci\u00f3n vigente y ofrecer total seguridad a la estructura construida. Una vez que estos <a href=\"https:\/\/pacerini.com\/es\/sobre-a-pacerini\/\" class=\"more-link\">&#8230;<\/a><\/p>\n","protected":false},"author":1,"featured_media":104,"parent":0,"menu_order":0,"comment_status":"open","ping_status":"open","template":"","meta":{"_acf_changed":false,"_monsterinsights_skip_tracking":false,"_monsterinsights_sitenote_active":false,"_monsterinsights_sitenote_note":"","_monsterinsights_sitenote_category":0,"footnotes":""},"class_list":["post-100","page","type-page","status-publish","has-post-thumbnail","hentry"],"translation":{"provider":"WPGlobus","version":"3.0.0","language":"es","enabled_languages":["br","en","es","it"],"languages":{"br":{"title":true,"content":true,"excerpt":false},"en":{"title":true,"content":true,"excerpt":false},"es":{"title":true,"content":true,"excerpt":false},"it":{"title":true,"content":true,"excerpt":false}}},"acf":[],"yoast_head":"<!-- This site is optimized with the Yoast SEO plugin v26.5 - https:\/\/yoast.com\/wordpress\/plugins\/seo\/ -->\n<title>Acerca de Bruno Pacerini Moreno - Pacerini - Arquitetura<\/title>\n<meta name=\"robots\" content=\"index, follow, max-snippet:-1, max-image-preview:large, max-video-preview:-1\" \/>\n<link rel=\"canonical\" href=\"https:\/\/pacerini.com\/sobre-a-pacerini\/\" \/>\n<meta property=\"og:locale\" content=\"es_ES\" \/>\n<meta property=\"og:type\" content=\"article\" \/>\n<meta property=\"og:title\" content=\"Acerca de Bruno Pacerini Moreno - Pacerini - Arquitetura\" \/>\n<meta property=\"og:url\" content=\"https:\/\/pacerini.com\/sobre-a-pacerini\/\" \/>\n<meta property=\"og:site_name\" content=\"Pacerini - Arquitetura\" \/>\n<meta property=\"article:modified_time\" content=\"2022-02-01T14:01:52+00:00\" \/>\n<meta property=\"og:image\" content=\"https:\/\/pacerini.com\/wp-content\/uploads\/2020\/09\/bruno-pacerini.jpeg\" \/>\n\t<meta property=\"og:image:width\" content=\"1280\" \/>\n\t<meta property=\"og:image:height\" content=\"960\" \/>\n\t<meta property=\"og:image:type\" content=\"image\/jpeg\" \/>\n<meta name=\"twitter:card\" content=\"summary_large_image\" \/>\n<meta name=\"twitter:label1\" content=\"Tiempo de lectura\" \/>\n\t<meta name=\"twitter:data1\" content=\"4 minutos\" \/>\n<script type=\"application\/ld+json\" class=\"yoast-schema-graph\">{\"@context\":\"https:\/\/schema.org\",\"@graph\":[{\"@type\":\"WebPage\",\"@id\":\"https:\/\/pacerini.com\/sobre-a-pacerini\/\",\"url\":\"https:\/\/pacerini.com\/sobre-a-pacerini\/\",\"name\":\"Acerca de Bruno Pacerini Moreno - Pacerini - Arquitetura\",\"isPartOf\":{\"@id\":\"https:\/\/pacerini.com\/#website\"},\"primaryImageOfPage\":{\"@id\":\"https:\/\/pacerini.com\/sobre-a-pacerini\/#primaryimage\"},\"image\":{\"@id\":\"https:\/\/pacerini.com\/sobre-a-pacerini\/#primaryimage\"},\"thumbnailUrl\":\"https:\/\/pacerini.com\/wp-content\/uploads\/2020\/09\/bruno-pacerini.jpeg\",\"datePublished\":\"2020-02-19T23:02:38+00:00\",\"dateModified\":\"2022-02-01T14:01:52+00:00\",\"breadcrumb\":{\"@id\":\"https:\/\/pacerini.com\/sobre-a-pacerini\/#breadcrumb\"},\"inLanguage\":\"es\",\"potentialAction\":[{\"@type\":\"ReadAction\",\"target\":[\"https:\/\/pacerini.com\/sobre-a-pacerini\/\"]}]},{\"@type\":\"ImageObject\",\"inLanguage\":\"es\",\"@id\":\"https:\/\/pacerini.com\/sobre-a-pacerini\/#primaryimage\",\"url\":\"https:\/\/pacerini.com\/wp-content\/uploads\/2020\/09\/bruno-pacerini.jpeg\",\"contentUrl\":\"https:\/\/pacerini.com\/wp-content\/uploads\/2020\/09\/bruno-pacerini.jpeg\",\"width\":1280,\"height\":960},{\"@type\":\"BreadcrumbList\",\"@id\":\"https:\/\/pacerini.com\/sobre-a-pacerini\/#breadcrumb\",\"itemListElement\":[{\"@type\":\"ListItem\",\"position\":1,\"name\":\"In\u00edcio\",\"item\":\"https:\/\/pacerini.com\/\"},{\"@type\":\"ListItem\",\"position\":2,\"name\":\"Sobre Bruno Pacerini Moreno\"}]},{\"@type\":\"WebSite\",\"@id\":\"https:\/\/pacerini.com\/#website\",\"url\":\"https:\/\/pacerini.com\/\",\"name\":\"Pacerini - Arquitetura\",\"description\":\"Arquitetura\",\"potentialAction\":[{\"@type\":\"SearchAction\",\"target\":{\"@type\":\"EntryPoint\",\"urlTemplate\":\"https:\/\/pacerini.com\/?s={search_term_string}\"},\"query-input\":{\"@type\":\"PropertyValueSpecification\",\"valueRequired\":true,\"valueName\":\"search_term_string\"}}],\"inLanguage\":\"es\"}]}<\/script>\n<!-- \/ Yoast SEO plugin. -->","yoast_head_json":{"title":"Acerca de Bruno Pacerini Moreno - Pacerini - Arquitetura","robots":{"index":"index","follow":"follow","max-snippet":"max-snippet:-1","max-image-preview":"max-image-preview:large","max-video-preview":"max-video-preview:-1"},"canonical":"https:\/\/pacerini.com\/sobre-a-pacerini\/","og_locale":"es_ES","og_type":"article","og_title":"Acerca de Bruno Pacerini Moreno - Pacerini - Arquitetura","og_url":"https:\/\/pacerini.com\/sobre-a-pacerini\/","og_site_name":"Pacerini - Arquitetura","article_modified_time":"2022-02-01T14:01:52+00:00","og_image":[{"width":1280,"height":960,"url":"https:\/\/pacerini.com\/wp-content\/uploads\/2020\/09\/bruno-pacerini.jpeg","type":"image\/jpeg"}],"twitter_card":"summary_large_image","twitter_misc":{"Tiempo de lectura":"4 minutos"},"schema":{"@context":"https:\/\/schema.org","@graph":[{"@type":"WebPage","@id":"https:\/\/pacerini.com\/sobre-a-pacerini\/","url":"https:\/\/pacerini.com\/sobre-a-pacerini\/","name":"Acerca de Bruno Pacerini Moreno - Pacerini - Arquitetura","isPartOf":{"@id":"https:\/\/pacerini.com\/#website"},"primaryImageOfPage":{"@id":"https:\/\/pacerini.com\/sobre-a-pacerini\/#primaryimage"},"image":{"@id":"https:\/\/pacerini.com\/sobre-a-pacerini\/#primaryimage"},"thumbnailUrl":"https:\/\/pacerini.com\/wp-content\/uploads\/2020\/09\/bruno-pacerini.jpeg","datePublished":"2020-02-19T23:02:38+00:00","dateModified":"2022-02-01T14:01:52+00:00","breadcrumb":{"@id":"https:\/\/pacerini.com\/sobre-a-pacerini\/#breadcrumb"},"inLanguage":"es","potentialAction":[{"@type":"ReadAction","target":["https:\/\/pacerini.com\/sobre-a-pacerini\/"]}]},{"@type":"ImageObject","inLanguage":"es","@id":"https:\/\/pacerini.com\/sobre-a-pacerini\/#primaryimage","url":"https:\/\/pacerini.com\/wp-content\/uploads\/2020\/09\/bruno-pacerini.jpeg","contentUrl":"https:\/\/pacerini.com\/wp-content\/uploads\/2020\/09\/bruno-pacerini.jpeg","width":1280,"height":960},{"@type":"BreadcrumbList","@id":"https:\/\/pacerini.com\/sobre-a-pacerini\/#breadcrumb","itemListElement":[{"@type":"ListItem","position":1,"name":"In\u00edcio","item":"https:\/\/pacerini.com\/"},{"@type":"ListItem","position":2,"name":"Sobre Bruno Pacerini Moreno"}]},{"@type":"WebSite","@id":"https:\/\/pacerini.com\/#website","url":"https:\/\/pacerini.com\/","name":"Pacerini - Arquitetura","description":"Arquitetura","potentialAction":[{"@type":"SearchAction","target":{"@type":"EntryPoint","urlTemplate":"https:\/\/pacerini.com\/?s={search_term_string}"},"query-input":{"@type":"PropertyValueSpecification","valueRequired":true,"valueName":"search_term_string"}}],"inLanguage":"es"}]}},"_links":{"self":[{"href":"https:\/\/pacerini.com\/es\/wp-json\/wp\/v2\/pages\/100","targetHints":{"allow":["GET"]}}],"collection":[{"href":"https:\/\/pacerini.com\/es\/wp-json\/wp\/v2\/pages"}],"about":[{"href":"https:\/\/pacerini.com\/es\/wp-json\/wp\/v2\/types\/page"}],"author":[{"embeddable":true,"href":"https:\/\/pacerini.com\/es\/wp-json\/wp\/v2\/users\/1"}],"replies":[{"embeddable":true,"href":"https:\/\/pacerini.com\/es\/wp-json\/wp\/v2\/comments?post=100"}],"version-history":[{"count":28,"href":"https:\/\/pacerini.com\/es\/wp-json\/wp\/v2\/pages\/100\/revisions"}],"predecessor-version":[{"id":1865,"href":"https:\/\/pacerini.com\/es\/wp-json\/wp\/v2\/pages\/100\/revisions\/1865"}],"wp:featuredmedia":[{"embeddable":true,"href":"https:\/\/pacerini.com\/es\/wp-json\/wp\/v2\/media\/104"}],"wp:attachment":[{"href":"https:\/\/pacerini.com\/es\/wp-json\/wp\/v2\/media?parent=100"}],"curies":[{"name":"wp","href":"https:\/\/api.w.org\/{rel}","templated":true}]}}