{"id":358,"date":"2020-02-27T18:26:05","date_gmt":"2020-02-27T21:26:05","guid":{"rendered":"http:\/\/localhost\/pacerini\/wordpress\/?page_id=358"},"modified":"2022-02-04T08:39:04","modified_gmt":"2022-02-04T11:39:04","slug":"servicos","status":"publish","type":"page","link":"https:\/\/pacerini.com\/es\/servicos\/","title":{"rendered":"Servicios"},"content":{"rendered":"<p>Nuestra metodolog\u00eda de trabajo consta de los siguientes pasos:<\/p>\n<p><img loading=\"lazy\" decoding=\"async\" class=\"mw-100 h-100 aligncenter wp-image-1260 size-full\" src=\"http:\/\/pacerini-com-372341.hostingersite.com\/wp-content\/uploads\/2020\/11\/info-es.png\" alt=\"\" width=\"827\" height=\"323\" srcset=\"https:\/\/pacerini.com\/wp-content\/uploads\/2020\/11\/info-es.png 827w, https:\/\/pacerini.com\/wp-content\/uploads\/2020\/11\/info-es-300x117.png 300w, https:\/\/pacerini.com\/wp-content\/uploads\/2020\/11\/info-es-600x234.png 600w, https:\/\/pacerini.com\/wp-content\/uploads\/2020\/11\/info-es-150x59.png 150w\" sizes=\"auto, (max-width: 827px) 100vw, 827px\" \/><\/p>\n<p><strong>1.Reuni\u00f3n informativa<\/strong><\/p>\n<p>Realizaremos entrevistas con el cliente para verificar sus necesidades y expectativas. Evaluamos las limitaciones del espacio f\u00edsico y la estructura existente.<\/p>\n<p>El cliente deber\u00e1 aportar toda la informaci\u00f3n t\u00e9cnica del espacio: planos, vistas, secciones actualizadas, adem\u00e1s de informaci\u00f3n espec\u00edfica como: proyectos complementarios actuales, dise\u00f1o estructural, instalaciones el\u00e9ctricas, hidr\u00e1ulicas, climatizaci\u00f3n, incendio, l\u00f3gica y otras que puedan influir en las soluciones. de proyecto.<\/p>\n<p><strong>2. Contrato<\/strong><\/p>\n<p>Definimos en el contrato qu\u00e9 servicios ser\u00e1n entregados, plazos, modificaciones, remuneraciones, cl\u00e1usulas de rescisi\u00f3n, as\u00ed como las responsabilidades del despacho y del cliente en el proceso.<\/p>\n<p><strong>3. Prospeccion de la propriedade o del terreno existente<\/strong><\/p>\n<p>En este paso, se inspeccionar\u00e1 la propiedad o el terreno actual. Despu\u00e9s de esta etapa, buscaremos optimizar las soluciones para el proyecto en cuesti\u00f3n. Se desarrollar\u00e1n planos de planta renderizados, secciones, vistas y perspectivas en 3D.<\/p>\n<p><strong>4. Reuni\u00f3n de alineaci\u00f3n<\/strong><\/p>\n<p>En esta reuni\u00f3n se presentar\u00e1 la propuesta al cliente, con todo el material gr\u00e1fico elaborado. El mismo har\u00e1 todas las consideraciones que estime pertinentes.<\/p>\n<p><strong>5. Revisiones<\/strong><\/p>\n<p>Todas las revisiones solicitadas se realizar\u00e1n hasta la alineaci\u00f3n y aceptaci\u00f3n final del proyecto presentado.<\/p>\n<p><strong>6. Proyectos ejecutivos<\/strong><\/p>\n<p>Se desarrollar\u00e1n proyectos ejecutivos civiles, arquitect\u00f3nicos, el\u00e9ctricos y de climatizaci\u00f3n, que adecuar\u00e1n el proyecto a la construcci\u00f3n.<\/p>\n<p><strong>7. C\u00e1lculo de costos \/ memoria<\/strong><\/p>\n<p>Se ensamblan hojas de c\u00e1lculo de costos estimados de obra, tomando en cuenta lo que se gastar\u00e1 en civil, el\u00e9ctrico y aire acondicionado, un cronograma de trabajo que se debe discutir con el responsable de ejecuci\u00f3n y el memorial descriptivo.<\/p>\n<p><strong>8. Cumplimiento \/ Supervisi\u00f3n<\/strong><\/p>\n<p>Inspecciones del sitio donde se est\u00e1 realizando la obra, para verificar si la constructora est\u00e1 siguiendo el proyecto y el cronograma y lo estipulado en el proyecto ejecutivo. El cliente recibir\u00e1 un informe de construcci\u00f3n que contiene un archivo fotogr\u00e1fico de cada encuesta.<\/p>\n<p><strong>9. Entrega \/ Garant\u00eda<\/strong><\/p>\n<p>Listo. Proyecto finalizado y entregado, con el cumplimiento de las garant\u00edas establecidas en el contrato<\/p>\n","protected":false},"excerpt":{"rendered":"<p>Nuestra metodolog\u00eda de trabajo consta de los siguientes pasos: 1.Reuni\u00f3n informativa Realizaremos entrevistas con el cliente para verificar sus necesidades y expectativas. Evaluamos las limitaciones del espacio f\u00edsico y la estructura existente. El cliente deber\u00e1 aportar toda la informaci\u00f3n t\u00e9cnica del espacio: planos, vistas, secciones actualizadas, adem\u00e1s de informaci\u00f3n espec\u00edfica como: proyectos complementarios actuales, dise\u00f1o <a href=\"https:\/\/pacerini.com\/es\/servicos\/\" class=\"more-link\">&#8230;<\/a><\/p>\n","protected":false},"author":1,"featured_media":340,"parent":0,"menu_order":0,"comment_status":"open","ping_status":"open","template":"","meta":{"_acf_changed":false,"_monsterinsights_skip_tracking":false,"_monsterinsights_sitenote_active":false,"_monsterinsights_sitenote_note":"","_monsterinsights_sitenote_category":0,"footnotes":""},"class_list":["post-358","page","type-page","status-publish","has-post-thumbnail","hentry"],"translation":{"provider":"WPGlobus","version":"3.0.0","language":"es","enabled_languages":["br","en","es","it"],"languages":{"br":{"title":true,"content":true,"excerpt":false},"en":{"title":true,"content":true,"excerpt":false},"es":{"title":true,"content":true,"excerpt":false},"it":{"title":true,"content":true,"excerpt":false}}},"acf":[],"yoast_head":"<!-- This site is optimized with the Yoast SEO plugin v26.5 - https:\/\/yoast.com\/wordpress\/plugins\/seo\/ -->\n<title>Servicios - Pacerini - Arquitetura<\/title>\n<meta name=\"robots\" content=\"index, follow, max-snippet:-1, max-image-preview:large, max-video-preview:-1\" \/>\n<link rel=\"canonical\" href=\"https:\/\/pacerini.com\/servicos\/\" \/>\n<meta property=\"og:locale\" content=\"es_ES\" \/>\n<meta property=\"og:type\" content=\"article\" \/>\n<meta property=\"og:title\" content=\"Servicios - Pacerini - Arquitetura\" \/>\n<meta property=\"og:url\" content=\"https:\/\/pacerini.com\/servicos\/\" \/>\n<meta property=\"og:site_name\" content=\"Pacerini - Arquitetura\" \/>\n<meta property=\"article:modified_time\" content=\"2022-02-04T11:39:04+00:00\" \/>\n<meta property=\"og:image\" content=\"https:\/\/pacerini.com\/wp-content\/uploads\/2020\/09\/model-1.jpg\" \/>\n\t<meta property=\"og:image:width\" content=\"1920\" \/>\n\t<meta property=\"og:image:height\" content=\"1441\" \/>\n\t<meta property=\"og:image:type\" content=\"image\/jpeg\" \/>\n<meta name=\"twitter:card\" content=\"summary_large_image\" \/>\n<meta name=\"twitter:label1\" content=\"Tiempo de lectura\" \/>\n\t<meta name=\"twitter:data1\" content=\"7 minutos\" \/>\n<script type=\"application\/ld+json\" class=\"yoast-schema-graph\">{\"@context\":\"https:\/\/schema.org\",\"@graph\":[{\"@type\":\"WebPage\",\"@id\":\"https:\/\/pacerini.com\/servicos\/\",\"url\":\"https:\/\/pacerini.com\/servicos\/\",\"name\":\"Servicios - Pacerini - Arquitetura\",\"isPartOf\":{\"@id\":\"https:\/\/pacerini.com\/#website\"},\"primaryImageOfPage\":{\"@id\":\"https:\/\/pacerini.com\/servicos\/#primaryimage\"},\"image\":{\"@id\":\"https:\/\/pacerini.com\/servicos\/#primaryimage\"},\"thumbnailUrl\":\"https:\/\/pacerini.com\/wp-content\/uploads\/2020\/09\/model-1.jpg\",\"datePublished\":\"2020-02-27T21:26:05+00:00\",\"dateModified\":\"2022-02-04T11:39:04+00:00\",\"breadcrumb\":{\"@id\":\"https:\/\/pacerini.com\/servicos\/#breadcrumb\"},\"inLanguage\":\"es\",\"potentialAction\":[{\"@type\":\"ReadAction\",\"target\":[\"https:\/\/pacerini.com\/servicos\/\"]}]},{\"@type\":\"ImageObject\",\"inLanguage\":\"es\",\"@id\":\"https:\/\/pacerini.com\/servicos\/#primaryimage\",\"url\":\"https:\/\/pacerini.com\/wp-content\/uploads\/2020\/09\/model-1.jpg\",\"contentUrl\":\"https:\/\/pacerini.com\/wp-content\/uploads\/2020\/09\/model-1.jpg\",\"width\":1920,\"height\":1441},{\"@type\":\"BreadcrumbList\",\"@id\":\"https:\/\/pacerini.com\/servicos\/#breadcrumb\",\"itemListElement\":[{\"@type\":\"ListItem\",\"position\":1,\"name\":\"In\u00edcio\",\"item\":\"https:\/\/pacerini.com\/\"},{\"@type\":\"ListItem\",\"position\":2,\"name\":\"Servi\u00e7os\"}]},{\"@type\":\"WebSite\",\"@id\":\"https:\/\/pacerini.com\/#website\",\"url\":\"https:\/\/pacerini.com\/\",\"name\":\"Pacerini - Arquitetura\",\"description\":\"Arquitetura\",\"potentialAction\":[{\"@type\":\"SearchAction\",\"target\":{\"@type\":\"EntryPoint\",\"urlTemplate\":\"https:\/\/pacerini.com\/?s={search_term_string}\"},\"query-input\":{\"@type\":\"PropertyValueSpecification\",\"valueRequired\":true,\"valueName\":\"search_term_string\"}}],\"inLanguage\":\"es\"}]}<\/script>\n<!-- \/ Yoast SEO plugin. -->","yoast_head_json":{"title":"Servicios - Pacerini - Arquitetura","robots":{"index":"index","follow":"follow","max-snippet":"max-snippet:-1","max-image-preview":"max-image-preview:large","max-video-preview":"max-video-preview:-1"},"canonical":"https:\/\/pacerini.com\/servicos\/","og_locale":"es_ES","og_type":"article","og_title":"Servicios - Pacerini - Arquitetura","og_url":"https:\/\/pacerini.com\/servicos\/","og_site_name":"Pacerini - Arquitetura","article_modified_time":"2022-02-04T11:39:04+00:00","og_image":[{"width":1920,"height":1441,"url":"https:\/\/pacerini.com\/wp-content\/uploads\/2020\/09\/model-1.jpg","type":"image\/jpeg"}],"twitter_card":"summary_large_image","twitter_misc":{"Tiempo de lectura":"7 minutos"},"schema":{"@context":"https:\/\/schema.org","@graph":[{"@type":"WebPage","@id":"https:\/\/pacerini.com\/servicos\/","url":"https:\/\/pacerini.com\/servicos\/","name":"Servicios - Pacerini - Arquitetura","isPartOf":{"@id":"https:\/\/pacerini.com\/#website"},"primaryImageOfPage":{"@id":"https:\/\/pacerini.com\/servicos\/#primaryimage"},"image":{"@id":"https:\/\/pacerini.com\/servicos\/#primaryimage"},"thumbnailUrl":"https:\/\/pacerini.com\/wp-content\/uploads\/2020\/09\/model-1.jpg","datePublished":"2020-02-27T21:26:05+00:00","dateModified":"2022-02-04T11:39:04+00:00","breadcrumb":{"@id":"https:\/\/pacerini.com\/servicos\/#breadcrumb"},"inLanguage":"es","potentialAction":[{"@type":"ReadAction","target":["https:\/\/pacerini.com\/servicos\/"]}]},{"@type":"ImageObject","inLanguage":"es","@id":"https:\/\/pacerini.com\/servicos\/#primaryimage","url":"https:\/\/pacerini.com\/wp-content\/uploads\/2020\/09\/model-1.jpg","contentUrl":"https:\/\/pacerini.com\/wp-content\/uploads\/2020\/09\/model-1.jpg","width":1920,"height":1441},{"@type":"BreadcrumbList","@id":"https:\/\/pacerini.com\/servicos\/#breadcrumb","itemListElement":[{"@type":"ListItem","position":1,"name":"In\u00edcio","item":"https:\/\/pacerini.com\/"},{"@type":"ListItem","position":2,"name":"Servi\u00e7os"}]},{"@type":"WebSite","@id":"https:\/\/pacerini.com\/#website","url":"https:\/\/pacerini.com\/","name":"Pacerini - Arquitetura","description":"Arquitetura","potentialAction":[{"@type":"SearchAction","target":{"@type":"EntryPoint","urlTemplate":"https:\/\/pacerini.com\/?s={search_term_string}"},"query-input":{"@type":"PropertyValueSpecification","valueRequired":true,"valueName":"search_term_string"}}],"inLanguage":"es"}]}},"_links":{"self":[{"href":"https:\/\/pacerini.com\/es\/wp-json\/wp\/v2\/pages\/358","targetHints":{"allow":["GET"]}}],"collection":[{"href":"https:\/\/pacerini.com\/es\/wp-json\/wp\/v2\/pages"}],"about":[{"href":"https:\/\/pacerini.com\/es\/wp-json\/wp\/v2\/types\/page"}],"author":[{"embeddable":true,"href":"https:\/\/pacerini.com\/es\/wp-json\/wp\/v2\/users\/1"}],"replies":[{"embeddable":true,"href":"https:\/\/pacerini.com\/es\/wp-json\/wp\/v2\/comments?post=358"}],"version-history":[{"count":21,"href":"https:\/\/pacerini.com\/es\/wp-json\/wp\/v2\/pages\/358\/revisions"}],"predecessor-version":[{"id":1909,"href":"https:\/\/pacerini.com\/es\/wp-json\/wp\/v2\/pages\/358\/revisions\/1909"}],"wp:featuredmedia":[{"embeddable":true,"href":"https:\/\/pacerini.com\/es\/wp-json\/wp\/v2\/media\/340"}],"wp:attachment":[{"href":"https:\/\/pacerini.com\/es\/wp-json\/wp\/v2\/media?parent=358"}],"curies":[{"name":"wp","href":"https:\/\/api.w.org\/{rel}","templated":true}]}}