{"id":100,"date":"2020-02-19T20:02:38","date_gmt":"2020-02-19T23:02:38","guid":{"rendered":"http:\/\/localhost\/pacerini\/wordpress\/?page_id=100"},"modified":"2022-02-01T11:01:52","modified_gmt":"2022-02-01T14:01:52","slug":"sobre-a-pacerini","status":"publish","type":"page","link":"https:\/\/pacerini.com\/it\/sobre-a-pacerini\/","title":{"rendered":"Riguardo a Bruno Pacerini Moreno"},"content":{"rendered":"<p style=\"text-align: left;\"><span style=\"color: #000000;\"><b>Come definire Pacerini Arquitetura?<\/b><\/span><\/p>\n<p>&nbsp;<\/p>\n<p style=\"text-align: left;\"><span style=\"font-weight: 400; color: #000000;\">Con 13 anni di esperienza, Pacerini Arquitetura ha gi\u00e0 realizzato diversi progetti residenziali, commerciali, aziendali, alberghieri e di trasporto urbano.<\/span><\/p>\n<p>&nbsp;<\/p>\n<p style=\"text-align: left;\"><span style=\"font-weight: 400; color: #000000;\">Il processo di realizzazione di questi progetti \u00e8 sempre stato improntato al rispetto della normativa vigente e alla totale sicurezza della struttura costruita. Dopo che questi due fattori sono stati adeguatamente consolidati, abbiamo iniziato il design esterno e interno dell&#8217;edificio.<\/span><\/p>\n<p>&nbsp;<\/p>\n<p style=\"text-align: left;\"><span style=\"font-weight: 400; color: #000000;\">Ascoltiamo i desideri del cliente e proponiamo quanto di pi\u00f9 contemporaneo sul mercato, in termini di struttura e rivestimento, seguendo i pi\u00f9 avanzati standard tecnici e qualitativi. Offriamo un&#8217;architettura pi\u00f9 umana, pratica ed efficiente, senza rinunciare all&#8217;eleganza.<\/span><\/p>\n<p>&nbsp;<\/p>\n<p style=\"text-align: left;\"><span style=\"color: #000000;\"><b>Chi fa l&#8217;ufficio?<\/b><\/span><\/p>\n<p>&nbsp;<\/p>\n<p style=\"text-align: left;\"><span style=\"font-weight: 400; color: #000000;\">Lo studio \u00e8 stato formato da Bruno Pacerini Moreno, Architetto, laureato da Mackenzie, ha studiato Project Management e Sistemi strutturali al POLI e Tecnologia degli edifici presso l&#8217;Universidad Polit\u00e9cnica Catalunya di Barcellona, \u200b\u200bIlluminazione residenziale e alberghiera (Philips do Brasil) e altri numerosi corsi di software incentrato sull&#8217;architettura.<\/span><\/p>\n<p>&nbsp;<\/p>\n<p style=\"text-align: left;\"><span style=\"font-weight: 400; color: #000000;\">Specializzato in residenziale, commerciale e aziendale, guida un team multidisciplinare di geometri, ingegneri civili, ingegneri elettrici, ingegneri meccanici, progettazione e altri professionisti legati all&#8217;edilizia civile, il cui scopo \u00e8 sempre quello di estrarre il pieno potenziale di ogni opera.<\/span><\/p>\n","protected":false},"excerpt":{"rendered":"<p>Come definire Pacerini Arquitetura? &nbsp; Con 13 anni di esperienza, Pacerini Arquitetura ha gi\u00e0 realizzato diversi progetti residenziali, commerciali, aziendali, alberghieri e di trasporto urbano. &nbsp; Il processo di realizzazione di questi progetti \u00e8 sempre stato improntato al rispetto della normativa vigente e alla totale sicurezza della struttura costruita. Dopo che questi due fattori sono <a href=\"https:\/\/pacerini.com\/it\/sobre-a-pacerini\/\" class=\"more-link\">&#8230;<\/a><\/p>\n","protected":false},"author":1,"featured_media":104,"parent":0,"menu_order":0,"comment_status":"open","ping_status":"open","template":"","meta":{"_acf_changed":false,"_monsterinsights_skip_tracking":false,"_monsterinsights_sitenote_active":false,"_monsterinsights_sitenote_note":"","_monsterinsights_sitenote_category":0,"footnotes":""},"class_list":["post-100","page","type-page","status-publish","has-post-thumbnail","hentry"],"translation":{"provider":"WPGlobus","version":"3.0.0","language":"it","enabled_languages":["br","en","es","it"],"languages":{"br":{"title":true,"content":true,"excerpt":false},"en":{"title":true,"content":true,"excerpt":false},"es":{"title":true,"content":true,"excerpt":false},"it":{"title":true,"content":true,"excerpt":false}}},"acf":[],"yoast_head":"<!-- This site is optimized with the Yoast SEO plugin v26.5 - https:\/\/yoast.com\/wordpress\/plugins\/seo\/ -->\n<title>Riguardo a Bruno Pacerini Moreno - Pacerini - Arquitetura<\/title>\n<meta name=\"robots\" content=\"index, follow, max-snippet:-1, max-image-preview:large, max-video-preview:-1\" \/>\n<link rel=\"canonical\" href=\"https:\/\/pacerini.com\/sobre-a-pacerini\/\" \/>\n<meta property=\"og:locale\" content=\"it_IT\" \/>\n<meta property=\"og:type\" content=\"article\" \/>\n<meta property=\"og:title\" content=\"Riguardo a Bruno Pacerini Moreno - Pacerini - Arquitetura\" \/>\n<meta property=\"og:url\" content=\"https:\/\/pacerini.com\/sobre-a-pacerini\/\" \/>\n<meta property=\"og:site_name\" content=\"Pacerini - Arquitetura\" \/>\n<meta property=\"article:modified_time\" content=\"2022-02-01T14:01:52+00:00\" \/>\n<meta property=\"og:image\" content=\"https:\/\/pacerini.com\/wp-content\/uploads\/2020\/09\/bruno-pacerini.jpeg\" \/>\n\t<meta property=\"og:image:width\" content=\"1280\" \/>\n\t<meta property=\"og:image:height\" content=\"960\" \/>\n\t<meta property=\"og:image:type\" content=\"image\/jpeg\" \/>\n<meta name=\"twitter:card\" content=\"summary_large_image\" \/>\n<meta name=\"twitter:label1\" content=\"Tempo di lettura stimato\" \/>\n\t<meta name=\"twitter:data1\" content=\"4 minuti\" \/>\n<script type=\"application\/ld+json\" class=\"yoast-schema-graph\">{\"@context\":\"https:\/\/schema.org\",\"@graph\":[{\"@type\":\"WebPage\",\"@id\":\"https:\/\/pacerini.com\/sobre-a-pacerini\/\",\"url\":\"https:\/\/pacerini.com\/sobre-a-pacerini\/\",\"name\":\"Riguardo a Bruno Pacerini Moreno - Pacerini - Arquitetura\",\"isPartOf\":{\"@id\":\"https:\/\/pacerini.com\/#website\"},\"primaryImageOfPage\":{\"@id\":\"https:\/\/pacerini.com\/sobre-a-pacerini\/#primaryimage\"},\"image\":{\"@id\":\"https:\/\/pacerini.com\/sobre-a-pacerini\/#primaryimage\"},\"thumbnailUrl\":\"https:\/\/pacerini.com\/wp-content\/uploads\/2020\/09\/bruno-pacerini.jpeg\",\"datePublished\":\"2020-02-19T23:02:38+00:00\",\"dateModified\":\"2022-02-01T14:01:52+00:00\",\"breadcrumb\":{\"@id\":\"https:\/\/pacerini.com\/sobre-a-pacerini\/#breadcrumb\"},\"inLanguage\":\"it-IT\",\"potentialAction\":[{\"@type\":\"ReadAction\",\"target\":[\"https:\/\/pacerini.com\/sobre-a-pacerini\/\"]}]},{\"@type\":\"ImageObject\",\"inLanguage\":\"it-IT\",\"@id\":\"https:\/\/pacerini.com\/sobre-a-pacerini\/#primaryimage\",\"url\":\"https:\/\/pacerini.com\/wp-content\/uploads\/2020\/09\/bruno-pacerini.jpeg\",\"contentUrl\":\"https:\/\/pacerini.com\/wp-content\/uploads\/2020\/09\/bruno-pacerini.jpeg\",\"width\":1280,\"height\":960},{\"@type\":\"BreadcrumbList\",\"@id\":\"https:\/\/pacerini.com\/sobre-a-pacerini\/#breadcrumb\",\"itemListElement\":[{\"@type\":\"ListItem\",\"position\":1,\"name\":\"In\u00edcio\",\"item\":\"https:\/\/pacerini.com\/\"},{\"@type\":\"ListItem\",\"position\":2,\"name\":\"Sobre Bruno Pacerini Moreno\"}]},{\"@type\":\"WebSite\",\"@id\":\"https:\/\/pacerini.com\/#website\",\"url\":\"https:\/\/pacerini.com\/\",\"name\":\"Pacerini - Arquitetura\",\"description\":\"Arquitetura\",\"potentialAction\":[{\"@type\":\"SearchAction\",\"target\":{\"@type\":\"EntryPoint\",\"urlTemplate\":\"https:\/\/pacerini.com\/?s={search_term_string}\"},\"query-input\":{\"@type\":\"PropertyValueSpecification\",\"valueRequired\":true,\"valueName\":\"search_term_string\"}}],\"inLanguage\":\"it-IT\"}]}<\/script>\n<!-- \/ Yoast SEO plugin. -->","yoast_head_json":{"title":"Riguardo a Bruno Pacerini Moreno - Pacerini - Arquitetura","robots":{"index":"index","follow":"follow","max-snippet":"max-snippet:-1","max-image-preview":"max-image-preview:large","max-video-preview":"max-video-preview:-1"},"canonical":"https:\/\/pacerini.com\/sobre-a-pacerini\/","og_locale":"it_IT","og_type":"article","og_title":"Riguardo a Bruno Pacerini Moreno - Pacerini - Arquitetura","og_url":"https:\/\/pacerini.com\/sobre-a-pacerini\/","og_site_name":"Pacerini - Arquitetura","article_modified_time":"2022-02-01T14:01:52+00:00","og_image":[{"width":1280,"height":960,"url":"https:\/\/pacerini.com\/wp-content\/uploads\/2020\/09\/bruno-pacerini.jpeg","type":"image\/jpeg"}],"twitter_card":"summary_large_image","twitter_misc":{"Tempo di lettura stimato":"4 minuti"},"schema":{"@context":"https:\/\/schema.org","@graph":[{"@type":"WebPage","@id":"https:\/\/pacerini.com\/sobre-a-pacerini\/","url":"https:\/\/pacerini.com\/sobre-a-pacerini\/","name":"Riguardo a Bruno Pacerini Moreno - Pacerini - Arquitetura","isPartOf":{"@id":"https:\/\/pacerini.com\/#website"},"primaryImageOfPage":{"@id":"https:\/\/pacerini.com\/sobre-a-pacerini\/#primaryimage"},"image":{"@id":"https:\/\/pacerini.com\/sobre-a-pacerini\/#primaryimage"},"thumbnailUrl":"https:\/\/pacerini.com\/wp-content\/uploads\/2020\/09\/bruno-pacerini.jpeg","datePublished":"2020-02-19T23:02:38+00:00","dateModified":"2022-02-01T14:01:52+00:00","breadcrumb":{"@id":"https:\/\/pacerini.com\/sobre-a-pacerini\/#breadcrumb"},"inLanguage":"it-IT","potentialAction":[{"@type":"ReadAction","target":["https:\/\/pacerini.com\/sobre-a-pacerini\/"]}]},{"@type":"ImageObject","inLanguage":"it-IT","@id":"https:\/\/pacerini.com\/sobre-a-pacerini\/#primaryimage","url":"https:\/\/pacerini.com\/wp-content\/uploads\/2020\/09\/bruno-pacerini.jpeg","contentUrl":"https:\/\/pacerini.com\/wp-content\/uploads\/2020\/09\/bruno-pacerini.jpeg","width":1280,"height":960},{"@type":"BreadcrumbList","@id":"https:\/\/pacerini.com\/sobre-a-pacerini\/#breadcrumb","itemListElement":[{"@type":"ListItem","position":1,"name":"In\u00edcio","item":"https:\/\/pacerini.com\/"},{"@type":"ListItem","position":2,"name":"Sobre Bruno Pacerini Moreno"}]},{"@type":"WebSite","@id":"https:\/\/pacerini.com\/#website","url":"https:\/\/pacerini.com\/","name":"Pacerini - Arquitetura","description":"Arquitetura","potentialAction":[{"@type":"SearchAction","target":{"@type":"EntryPoint","urlTemplate":"https:\/\/pacerini.com\/?s={search_term_string}"},"query-input":{"@type":"PropertyValueSpecification","valueRequired":true,"valueName":"search_term_string"}}],"inLanguage":"it-IT"}]}},"_links":{"self":[{"href":"https:\/\/pacerini.com\/it\/wp-json\/wp\/v2\/pages\/100","targetHints":{"allow":["GET"]}}],"collection":[{"href":"https:\/\/pacerini.com\/it\/wp-json\/wp\/v2\/pages"}],"about":[{"href":"https:\/\/pacerini.com\/it\/wp-json\/wp\/v2\/types\/page"}],"author":[{"embeddable":true,"href":"https:\/\/pacerini.com\/it\/wp-json\/wp\/v2\/users\/1"}],"replies":[{"embeddable":true,"href":"https:\/\/pacerini.com\/it\/wp-json\/wp\/v2\/comments?post=100"}],"version-history":[{"count":28,"href":"https:\/\/pacerini.com\/it\/wp-json\/wp\/v2\/pages\/100\/revisions"}],"predecessor-version":[{"id":1865,"href":"https:\/\/pacerini.com\/it\/wp-json\/wp\/v2\/pages\/100\/revisions\/1865"}],"wp:featuredmedia":[{"embeddable":true,"href":"https:\/\/pacerini.com\/it\/wp-json\/wp\/v2\/media\/104"}],"wp:attachment":[{"href":"https:\/\/pacerini.com\/it\/wp-json\/wp\/v2\/media?parent=100"}],"curies":[{"name":"wp","href":"https:\/\/api.w.org\/{rel}","templated":true}]}}