{"id":358,"date":"2020-02-27T18:26:05","date_gmt":"2020-02-27T21:26:05","guid":{"rendered":"http:\/\/localhost\/pacerini\/wordpress\/?page_id=358"},"modified":"2022-02-04T08:39:04","modified_gmt":"2022-02-04T11:39:04","slug":"servicos","status":"publish","type":"page","link":"https:\/\/pacerini.com\/it\/servicos\/","title":{"rendered":"Servizi"},"content":{"rendered":"<p>La nostra metodologia di lavoro consiste nei seguenti passaggi:<\/p>\n<p><img loading=\"lazy\" decoding=\"async\" class=\"mw-100 h-auto aligncenter wp-image-1259 size-full\" src=\"http:\/\/pacerini-com-372341.hostingersite.com\/wp-content\/uploads\/2020\/11\/info-it.png\" alt=\"\" width=\"827\" height=\"323\" srcset=\"https:\/\/pacerini.com\/wp-content\/uploads\/2020\/11\/info-it.png 827w, https:\/\/pacerini.com\/wp-content\/uploads\/2020\/11\/info-it-300x117.png 300w, https:\/\/pacerini.com\/wp-content\/uploads\/2020\/11\/info-it-600x234.png 600w, https:\/\/pacerini.com\/wp-content\/uploads\/2020\/11\/info-it-150x59.png 150w\" sizes=\"auto, (max-width: 827px) 100vw, 827px\" \/><\/p>\n<p><strong>1.Briefing<\/strong><\/p>\n<p>Condurremo interviste con il cliente per verificare le sue esigenze e aspettative. Valutiamo i limiti dello spazio fisico e della struttura esistente.<\/p>\n<p>Il cliente deve fornire tutte le informazioni tecniche dello spazio: planimetrie, viste, sezioni aggiornate, oltre a informazioni specifiche quali: progetti complementari in corso, progettazione strutturale, impianti elettrici, idraulici, condizionamento, incendi, logica e altri che possono influenzare le soluzioni del progetto.<\/p>\n<p><strong>2. Contratto<\/strong><\/p>\n<p>Definiamo nel contratto quali servizi saranno forniti, termini, modifiche, remunerazione, clausole risolutive, nonch\u00e9 le responsabilit\u00e0 dell&#8217;ufficio e del cliente nel processo.<\/p>\n<p><strong>3. Indagine di proprieta o di terreno esistenti<\/strong><\/p>\n<p>In questa fase, la propriet\u00e0 o il terreno attuali verranno rilevati. Dopo questa fase, cercheremo di ottimizzare le soluzioni per il progetto in questione. Verranno sviluppate planimetrie renderizzate, sezioni, viste e prospettive in 3D.<\/p>\n<p><strong>4. Riunione di allineamento<\/strong><\/p>\n<p>In questo incontro verr\u00e0 presentata al cliente la proposta, con tutto il materiale grafico realizzato. Lo stesso far\u00e0 tutte le considerazioni che riterr\u00e0 pertinenti.<\/p>\n<p><strong>5. Revisioni<\/strong><\/p>\n<p>Tutte le revisioni richieste verranno effettuate fino all&#8217;allineamento e all&#8217;accettazione finale del progetto presentato.<\/p>\n<p><strong>6. Progetti esecutivi<\/strong><\/p>\n<p>Verranno sviluppati progetti esecutivi civili, di architettura, elettrici e di condizionamento rendendo il progetto idoneo alla costruzione.<\/p>\n<p><strong>7. Costo di lavoro \/ memoriale<\/strong><\/p>\n<p>Vengono assemblati fogli di calcolo dei costi stimati dei lavori, tenendo conto di quanto sar\u00e0 speso per civile, elettrico e di condizionamento, un programma di lavoro che dovrebbe essere discusso con il responsabile dell&#8217;esecuzione e il memoriale descrittivo<\/p>\n<p><strong>8. Applicazione \/ supervisione<\/strong><\/p>\n<p>Sopralluoghi del sito in cui si stanno effettuando i lavori, per verificare se l&#8217;impresa edile sta seguendo il progetto, il programma e quanto previsto nel progetto esecutivo. Il cliente ricever\u00e0 una relazione di costruzione contenente un file fotografico di ogni rilievo.<\/p>\n<p><strong>9. Consegna \/ Garanzia<\/strong><\/p>\n<p>Pronto. Progetto completato e consegnato, con l&#8217;adempimento delle garanzie stabilite nel contrato<\/p>\n","protected":false},"excerpt":{"rendered":"<p>La nostra metodologia di lavoro consiste nei seguenti passaggi: 1.Briefing Condurremo interviste con il cliente per verificare le sue esigenze e aspettative. Valutiamo i limiti dello spazio fisico e della struttura esistente. Il cliente deve fornire tutte le informazioni tecniche dello spazio: planimetrie, viste, sezioni aggiornate, oltre a informazioni specifiche quali: progetti complementari in corso, <a href=\"https:\/\/pacerini.com\/it\/servicos\/\" class=\"more-link\">&#8230;<\/a><\/p>\n","protected":false},"author":1,"featured_media":340,"parent":0,"menu_order":0,"comment_status":"open","ping_status":"open","template":"","meta":{"_acf_changed":false,"_monsterinsights_skip_tracking":false,"_monsterinsights_sitenote_active":false,"_monsterinsights_sitenote_note":"","_monsterinsights_sitenote_category":0,"footnotes":""},"class_list":["post-358","page","type-page","status-publish","has-post-thumbnail","hentry"],"translation":{"provider":"WPGlobus","version":"3.0.0","language":"it","enabled_languages":["br","en","es","it"],"languages":{"br":{"title":true,"content":true,"excerpt":false},"en":{"title":true,"content":true,"excerpt":false},"es":{"title":true,"content":true,"excerpt":false},"it":{"title":true,"content":true,"excerpt":false}}},"acf":[],"yoast_head":"<!-- This site is optimized with the Yoast SEO plugin v26.5 - https:\/\/yoast.com\/wordpress\/plugins\/seo\/ -->\n<title>Servizi - Pacerini - Arquitetura<\/title>\n<meta name=\"robots\" content=\"index, follow, max-snippet:-1, max-image-preview:large, max-video-preview:-1\" \/>\n<link rel=\"canonical\" href=\"https:\/\/pacerini.com\/servicos\/\" \/>\n<meta property=\"og:locale\" content=\"it_IT\" \/>\n<meta property=\"og:type\" content=\"article\" \/>\n<meta property=\"og:title\" content=\"Servizi - Pacerini - Arquitetura\" \/>\n<meta property=\"og:url\" content=\"https:\/\/pacerini.com\/servicos\/\" \/>\n<meta property=\"og:site_name\" content=\"Pacerini - Arquitetura\" \/>\n<meta property=\"article:modified_time\" content=\"2022-02-04T11:39:04+00:00\" \/>\n<meta property=\"og:image\" content=\"https:\/\/pacerini.com\/wp-content\/uploads\/2020\/09\/model-1.jpg\" \/>\n\t<meta property=\"og:image:width\" content=\"1920\" \/>\n\t<meta property=\"og:image:height\" content=\"1441\" \/>\n\t<meta property=\"og:image:type\" content=\"image\/jpeg\" \/>\n<meta name=\"twitter:card\" content=\"summary_large_image\" \/>\n<meta name=\"twitter:label1\" content=\"Tempo di lettura stimato\" \/>\n\t<meta name=\"twitter:data1\" content=\"7 minuti\" \/>\n<script type=\"application\/ld+json\" class=\"yoast-schema-graph\">{\"@context\":\"https:\/\/schema.org\",\"@graph\":[{\"@type\":\"WebPage\",\"@id\":\"https:\/\/pacerini.com\/servicos\/\",\"url\":\"https:\/\/pacerini.com\/servicos\/\",\"name\":\"Servizi - Pacerini - Arquitetura\",\"isPartOf\":{\"@id\":\"https:\/\/pacerini.com\/#website\"},\"primaryImageOfPage\":{\"@id\":\"https:\/\/pacerini.com\/servicos\/#primaryimage\"},\"image\":{\"@id\":\"https:\/\/pacerini.com\/servicos\/#primaryimage\"},\"thumbnailUrl\":\"https:\/\/pacerini.com\/wp-content\/uploads\/2020\/09\/model-1.jpg\",\"datePublished\":\"2020-02-27T21:26:05+00:00\",\"dateModified\":\"2022-02-04T11:39:04+00:00\",\"breadcrumb\":{\"@id\":\"https:\/\/pacerini.com\/servicos\/#breadcrumb\"},\"inLanguage\":\"it-IT\",\"potentialAction\":[{\"@type\":\"ReadAction\",\"target\":[\"https:\/\/pacerini.com\/servicos\/\"]}]},{\"@type\":\"ImageObject\",\"inLanguage\":\"it-IT\",\"@id\":\"https:\/\/pacerini.com\/servicos\/#primaryimage\",\"url\":\"https:\/\/pacerini.com\/wp-content\/uploads\/2020\/09\/model-1.jpg\",\"contentUrl\":\"https:\/\/pacerini.com\/wp-content\/uploads\/2020\/09\/model-1.jpg\",\"width\":1920,\"height\":1441},{\"@type\":\"BreadcrumbList\",\"@id\":\"https:\/\/pacerini.com\/servicos\/#breadcrumb\",\"itemListElement\":[{\"@type\":\"ListItem\",\"position\":1,\"name\":\"In\u00edcio\",\"item\":\"https:\/\/pacerini.com\/\"},{\"@type\":\"ListItem\",\"position\":2,\"name\":\"Servi\u00e7os\"}]},{\"@type\":\"WebSite\",\"@id\":\"https:\/\/pacerini.com\/#website\",\"url\":\"https:\/\/pacerini.com\/\",\"name\":\"Pacerini - Arquitetura\",\"description\":\"Arquitetura\",\"potentialAction\":[{\"@type\":\"SearchAction\",\"target\":{\"@type\":\"EntryPoint\",\"urlTemplate\":\"https:\/\/pacerini.com\/?s={search_term_string}\"},\"query-input\":{\"@type\":\"PropertyValueSpecification\",\"valueRequired\":true,\"valueName\":\"search_term_string\"}}],\"inLanguage\":\"it-IT\"}]}<\/script>\n<!-- \/ Yoast SEO plugin. -->","yoast_head_json":{"title":"Servizi - Pacerini - Arquitetura","robots":{"index":"index","follow":"follow","max-snippet":"max-snippet:-1","max-image-preview":"max-image-preview:large","max-video-preview":"max-video-preview:-1"},"canonical":"https:\/\/pacerini.com\/servicos\/","og_locale":"it_IT","og_type":"article","og_title":"Servizi - Pacerini - Arquitetura","og_url":"https:\/\/pacerini.com\/servicos\/","og_site_name":"Pacerini - Arquitetura","article_modified_time":"2022-02-04T11:39:04+00:00","og_image":[{"width":1920,"height":1441,"url":"https:\/\/pacerini.com\/wp-content\/uploads\/2020\/09\/model-1.jpg","type":"image\/jpeg"}],"twitter_card":"summary_large_image","twitter_misc":{"Tempo di lettura stimato":"7 minuti"},"schema":{"@context":"https:\/\/schema.org","@graph":[{"@type":"WebPage","@id":"https:\/\/pacerini.com\/servicos\/","url":"https:\/\/pacerini.com\/servicos\/","name":"Servizi - Pacerini - Arquitetura","isPartOf":{"@id":"https:\/\/pacerini.com\/#website"},"primaryImageOfPage":{"@id":"https:\/\/pacerini.com\/servicos\/#primaryimage"},"image":{"@id":"https:\/\/pacerini.com\/servicos\/#primaryimage"},"thumbnailUrl":"https:\/\/pacerini.com\/wp-content\/uploads\/2020\/09\/model-1.jpg","datePublished":"2020-02-27T21:26:05+00:00","dateModified":"2022-02-04T11:39:04+00:00","breadcrumb":{"@id":"https:\/\/pacerini.com\/servicos\/#breadcrumb"},"inLanguage":"it-IT","potentialAction":[{"@type":"ReadAction","target":["https:\/\/pacerini.com\/servicos\/"]}]},{"@type":"ImageObject","inLanguage":"it-IT","@id":"https:\/\/pacerini.com\/servicos\/#primaryimage","url":"https:\/\/pacerini.com\/wp-content\/uploads\/2020\/09\/model-1.jpg","contentUrl":"https:\/\/pacerini.com\/wp-content\/uploads\/2020\/09\/model-1.jpg","width":1920,"height":1441},{"@type":"BreadcrumbList","@id":"https:\/\/pacerini.com\/servicos\/#breadcrumb","itemListElement":[{"@type":"ListItem","position":1,"name":"In\u00edcio","item":"https:\/\/pacerini.com\/"},{"@type":"ListItem","position":2,"name":"Servi\u00e7os"}]},{"@type":"WebSite","@id":"https:\/\/pacerini.com\/#website","url":"https:\/\/pacerini.com\/","name":"Pacerini - Arquitetura","description":"Arquitetura","potentialAction":[{"@type":"SearchAction","target":{"@type":"EntryPoint","urlTemplate":"https:\/\/pacerini.com\/?s={search_term_string}"},"query-input":{"@type":"PropertyValueSpecification","valueRequired":true,"valueName":"search_term_string"}}],"inLanguage":"it-IT"}]}},"_links":{"self":[{"href":"https:\/\/pacerini.com\/it\/wp-json\/wp\/v2\/pages\/358","targetHints":{"allow":["GET"]}}],"collection":[{"href":"https:\/\/pacerini.com\/it\/wp-json\/wp\/v2\/pages"}],"about":[{"href":"https:\/\/pacerini.com\/it\/wp-json\/wp\/v2\/types\/page"}],"author":[{"embeddable":true,"href":"https:\/\/pacerini.com\/it\/wp-json\/wp\/v2\/users\/1"}],"replies":[{"embeddable":true,"href":"https:\/\/pacerini.com\/it\/wp-json\/wp\/v2\/comments?post=358"}],"version-history":[{"count":21,"href":"https:\/\/pacerini.com\/it\/wp-json\/wp\/v2\/pages\/358\/revisions"}],"predecessor-version":[{"id":1909,"href":"https:\/\/pacerini.com\/it\/wp-json\/wp\/v2\/pages\/358\/revisions\/1909"}],"wp:featuredmedia":[{"embeddable":true,"href":"https:\/\/pacerini.com\/it\/wp-json\/wp\/v2\/media\/340"}],"wp:attachment":[{"href":"https:\/\/pacerini.com\/it\/wp-json\/wp\/v2\/media?parent=358"}],"curies":[{"name":"wp","href":"https:\/\/api.w.org\/{rel}","templated":true}]}}